{"id":16,"date":"2024-10-15T14:16:57","date_gmt":"2024-10-15T14:16:57","guid":{"rendered":"https:\/\/book24seven.com\/?page_id=16"},"modified":"2024-12-27T17:24:58","modified_gmt":"2024-12-27T17:24:58","slug":"sign-up","status":"publish","type":"page","link":"https:\/\/book24seven.com\/fi\/sign-up\/","title":{"rendered":"Sign-up"},"content":{"rendered":"<div class=\"wp-block-group container\"><div class=\"wp-block-group__inner-container is-layout-constrained wp-block-group-is-layout-constrained\">\n<div style=\"height:50px\" aria-hidden=\"true\" class=\"wp-block-spacer\"><\/div>\n\n\n\n<div class=\"wp-block-booknetic-signup\">\n<div class=\"bookneticsaas_signup\">\n\t<div class=\"bookneticsaas_step_1\">\n\t\t<div class=\"bookneticsaas_header\">Sign Up<\/div>\n\t\t<form method=\"post\" class=\"bookneticsaas_form\" action=\"\">\n\t\t\t<div class=\"bookneticsaas_form_element\">\n\t\t\t\t<label for=\"bookneticsaas_full_name\">Full name<\/label>\n\t\t\t\t<input type=\"text\" id=\"bookneticsaas_full_name\" maxlength=\"100\" name=\"name\">\n\t\t\t<\/div>\n\t\t\t<div class=\"bookneticsaas_form_element\">\n\t\t\t\t<label for=\"bookneticsaas_email\">Email<\/label>\n\t\t\t\t<input type=\"text\" id=\"bookneticsaas_email\" maxlength=\"100\" name=\"email\">\n\t\t\t<\/div>\n\t\t\t<div class=\"bookneticsaas_form_element\">\n\t\t\t\t<label for=\"bookneticsaas_password\">Password<\/label>\n                <div class=\"bkntc-password-input\">\n                    <input type=\"password\" id=\"bookneticsaas_password\" name=\"password\">\n                    <button class=\"bkntc-toggle-password-visibility\">\n                        <span class=\"bkntc-eye-icon bkntc-eye-open\">\n                            <svg width=\"20\" height=\"20\" xmlns=\"http:\/\/www.w3.org\/2000\/svg\" viewbox=\"0 0 640 640\"><path d=\"M320 96C239.2 96 174.5 132.8 127.4 176.6C80.6 220.1 49.3 272 34.4 307.7C31.1 315.6 31.1 324.4 34.4 332.3C49.3 368 80.6 420 127.4 463.4C174.5 507.1 239.2 544 320 544C400.8 544 465.5 507.2 512.6 463.4C559.4 419.9 590.7 368 605.6 332.3C608.9 324.4 608.9 315.6 605.6 307.7C590.7 272 559.4 220 512.6 176.6C465.5 132.9 400.8 96 320 96zM176 320C176 240.5 240.5 176 320 176C399.5 176 464 240.5 464 320C464 399.5 399.5 464 320 464C240.5 464 176 399.5 176 320zM320 256C320 291.3 291.3 320 256 320C244.5 320 233.7 317 224.3 311.6C223.3 322.5 224.2 333.7 227.2 344.8C240.9 396 293.6 426.4 344.8 412.7C396 399 426.4 346.3 412.7 295.1C400.5 249.4 357.2 220.3 311.6 224.3C316.9 233.6 320 244.4 320 256z\"\/><\/svg>\n                        <\/span>\n                        <span class=\"bkntc-eye-icon bkntc-eye-closed\" style=\"display: none\">\n                           <svg width=\"20\"  height=\"20\" xmlns=\"http:\/\/www.w3.org\/2000\/svg\" viewbox=\"0 0 640 640\"><path d=\"M73 39.1C63.6 29.7 48.4 29.7 39.1 39.1C29.8 48.5 29.7 63.7 39 73.1L567 601.1C576.4 610.5 591.6 610.5 600.9 601.1C610.2 591.7 610.3 576.5 600.9 567.2L504.5 470.8C507.2 468.4 509.9 466 512.5 463.6C559.3 420.1 590.6 368.2 605.5 332.5C608.8 324.6 608.8 315.8 605.5 307.9C590.6 272.2 559.3 220.2 512.5 176.8C465.4 133.1 400.7 96.2 319.9 96.2C263.1 96.2 214.3 114.4 173.9 140.4L73 39.1zM236.5 202.7C260 185.9 288.9 176 320 176C399.5 176 464 240.5 464 320C464 351.1 454.1 379.9 437.3 403.5L402.6 368.8C415.3 347.4 419.6 321.1 412.7 295.1C399 243.9 346.3 213.5 295.1 227.2C286.5 229.5 278.4 232.9 271.1 237.2L236.4 202.5zM357.3 459.1C345.4 462.3 332.9 464 320 464C240.5 464 176 399.5 176 320C176 307.1 177.7 294.6 180.9 282.7L101.4 203.2C68.8 240 46.4 279 34.5 307.7C31.2 315.6 31.2 324.4 34.5 332.3C49.4 368 80.7 420 127.5 463.4C174.6 507.1 239.3 544 320.1 544C357.4 544 391.3 536.1 421.6 523.4L357.4 459.2z\"\/><\/svg>\n                        <\/span>\n                    <\/button>\n                <\/div>\n\t\t\t<\/div>\n\t\t\t<div>\n\t\t\t\t<button type=\"submit\" class=\"bookneticsaas_btn_primary bookneticsaas_signup_btn\">CONTINUE<\/button>\n\t\t\t<\/div>\n\t\t<input type=\"hidden\" name=\"trp-form-language\" value=\"fi\"\/><\/form>\n\t\t<div class=\"bookneticsaas_footer\">\n\t\t\t<span>Already have an account?<\/span>\n\t\t\t<a href=\"https:\/\/book24seven.com\/fi\/sign-in\/\">Sign in<\/a>\n\t\t<\/div>\n\t<\/div>\n\t<div class=\"bookneticsaas_step_2\">\n\t\t<div class=\"bookneticsaas_header\">Congratulations!<\/div>\n\t\t<div class=\"bookneticsaas_check_your_email\">\n\t\t\tWe need to verify your email.<br\/>\n\t\t\tPlease, check your inbox for a confirmation link.\t\t<\/div>\n\t\t<div class=\"bookneticsaas_email_success\">\n\t\t\t<img decoding=\"async\" src=\"https:\/\/book24seven.com\/wp-content\/plugins\/booknetic-saas\/app\/Frontend\/assets\/images\/signup-success.svg\" alt=\"\">\n\t\t<\/div>\n\t\t<div class=\"bookneticsaas_footer bookneticsaas_resend_activation\">\n\t\t\t<span>Didn&#039;t receive the email?<\/span>\n\t\t\t<a href=\"javascript:;\" class=\"bookneticsaas_resend_activation_link\">Resend again<\/a>\n\t\t<\/div>\n\t<\/div>\n<\/div>\n<\/div>\n\n\n\n<div style=\"height:25px\" aria-hidden=\"true\" class=\"wp-block-spacer\"><\/div>\n<\/div><\/div>\n\n\n\n<div class=\"wp-block-group container\"><div class=\"wp-block-group__inner-container is-layout-constrained wp-block-group-is-layout-constrained\">\n<p class=\"has-small-font-size\"><em>By signing up, you agree to our <a href=\"https:\/\/book24seven.com\/fi\/privacy\/\">Tietosuojak\u00e4yt\u00e4nt\u00f6<\/a>, <a href=\"https:\/\/book24seven.com\/fi\/terms\/\">K\u00e4ytt\u00f6ehdot<\/a>, and consent to the processing of your personal data as outlined.<\/em><\/p>\n\n\n\n<div style=\"height:50px\" aria-hidden=\"true\" class=\"wp-block-spacer\"><\/div>\n<\/div><\/div>","protected":false},"excerpt":{"rendered":"<p>By signing up, you agree to our Privacy Policy, Terms of Service, and consent to the processing of your personal data as outlined.<\/p>","protected":false},"author":1,"featured_media":0,"parent":0,"menu_order":0,"comment_status":"closed","ping_status":"closed","template":"page-fullwidth.php","meta":{"_acf_changed":false,"footnotes":""},"class_list":["post-16","page","type-page","status-publish","hentry"],"acf":[],"yoast_head":"<!-- This site is optimized with the Yoast SEO plugin v26.6 - https:\/\/yoast.com\/wordpress\/plugins\/seo\/ -->\n<title>Sign-up<\/title>\n<meta name=\"robots\" content=\"index, follow, max-snippet:-1, max-image-preview:large, max-video-preview:-1\" \/>\n<link rel=\"canonical\" href=\"https:\/\/book24seven.com\/fi\/sign-up\/\" \/>\n<meta property=\"og:locale\" content=\"fi_FI\" \/>\n<meta property=\"og:type\" content=\"article\" \/>\n<meta property=\"og:title\" content=\"Sign-up\" \/>\n<meta property=\"og:description\" content=\"By signing up, you agree to our Privacy Policy, Terms of Service, and consent to the processing of your personal data as outlined.\" \/>\n<meta property=\"og:url\" content=\"https:\/\/book24seven.com\/fi\/sign-up\/\" \/>\n<meta property=\"og:site_name\" content=\"Book24Seven\" \/>\n<meta property=\"article:modified_time\" content=\"2024-12-27T17:24:58+00:00\" \/>\n<meta property=\"og:image\" content=\"https:\/\/book24seven.com\/wp-content\/uploads\/2024\/12\/Book24Seven-Appointment-Booking-App.jpg\" \/>\n\t<meta property=\"og:image:width\" content=\"1280\" \/>\n\t<meta property=\"og:image:height\" content=\"720\" \/>\n\t<meta property=\"og:image:type\" content=\"image\/jpeg\" \/>\n<meta name=\"twitter:card\" content=\"summary_large_image\" \/>\n<meta name=\"twitter:label1\" content=\"Arvioitu lukuaika\" \/>\n\t<meta name=\"twitter:data1\" content=\"1 minuutti\" \/>\n<script type=\"application\/ld+json\" class=\"yoast-schema-graph\">{\"@context\":\"https:\/\/schema.org\",\"@graph\":[{\"@type\":\"WebPage\",\"@id\":\"https:\/\/book24seven.com\/sign-up\/\",\"url\":\"https:\/\/book24seven.com\/sign-up\/\",\"name\":\"Sign-up\",\"isPartOf\":{\"@id\":\"https:\/\/book24seven.com\/#website\"},\"datePublished\":\"2024-10-15T14:16:57+00:00\",\"dateModified\":\"2024-12-27T17:24:58+00:00\",\"breadcrumb\":{\"@id\":\"https:\/\/book24seven.com\/sign-up\/#breadcrumb\"},\"inLanguage\":\"fi\",\"potentialAction\":[{\"@type\":\"ReadAction\",\"target\":[\"https:\/\/book24seven.com\/sign-up\/\"]}]},{\"@type\":\"BreadcrumbList\",\"@id\":\"https:\/\/book24seven.com\/sign-up\/#breadcrumb\",\"itemListElement\":[{\"@type\":\"ListItem\",\"position\":1,\"name\":\"Home\",\"item\":\"https:\/\/book24seven.com\/\"},{\"@type\":\"ListItem\",\"position\":2,\"name\":\"Sign-up\"}]},{\"@type\":\"WebSite\",\"@id\":\"https:\/\/book24seven.com\/#website\",\"url\":\"https:\/\/book24seven.com\/\",\"name\":\"Book24Seven\",\"description\":\"Smart Appointment Booking App for Your Business\",\"potentialAction\":[{\"@type\":\"SearchAction\",\"target\":{\"@type\":\"EntryPoint\",\"urlTemplate\":\"https:\/\/book24seven.com\/?s={search_term_string}\"},\"query-input\":{\"@type\":\"PropertyValueSpecification\",\"valueRequired\":true,\"valueName\":\"search_term_string\"}}],\"inLanguage\":\"fi\"}]}<\/script>\n<!-- \/ Yoast SEO plugin. -->","yoast_head_json":{"title":"Sign-up","robots":{"index":"index","follow":"follow","max-snippet":"max-snippet:-1","max-image-preview":"max-image-preview:large","max-video-preview":"max-video-preview:-1"},"canonical":"https:\/\/book24seven.com\/fi\/sign-up\/","og_locale":"fi_FI","og_type":"article","og_title":"Sign-up","og_description":"By signing up, you agree to our Privacy Policy, Terms of Service, and consent to the processing of your personal data as outlined.","og_url":"https:\/\/book24seven.com\/fi\/sign-up\/","og_site_name":"Book24Seven","article_modified_time":"2024-12-27T17:24:58+00:00","og_image":[{"width":1280,"height":720,"url":"https:\/\/book24seven.com\/wp-content\/uploads\/2024\/12\/Book24Seven-Appointment-Booking-App.jpg","type":"image\/jpeg"}],"twitter_card":"summary_large_image","twitter_misc":{"Arvioitu lukuaika":"1 minuutti"},"schema":{"@context":"https:\/\/schema.org","@graph":[{"@type":"WebPage","@id":"https:\/\/book24seven.com\/sign-up\/","url":"https:\/\/book24seven.com\/sign-up\/","name":"Sign-up","isPartOf":{"@id":"https:\/\/book24seven.com\/#website"},"datePublished":"2024-10-15T14:16:57+00:00","dateModified":"2024-12-27T17:24:58+00:00","breadcrumb":{"@id":"https:\/\/book24seven.com\/sign-up\/#breadcrumb"},"inLanguage":"fi","potentialAction":[{"@type":"ReadAction","target":["https:\/\/book24seven.com\/sign-up\/"]}]},{"@type":"BreadcrumbList","@id":"https:\/\/book24seven.com\/sign-up\/#breadcrumb","itemListElement":[{"@type":"ListItem","position":1,"name":"Home","item":"https:\/\/book24seven.com\/"},{"@type":"ListItem","position":2,"name":"Sign-up"}]},{"@type":"WebSite","@id":"https:\/\/book24seven.com\/#website","url":"https:\/\/book24seven.com\/","name":"Book24Seven","description":"Smart Appointment Booking App for Your Business","potentialAction":[{"@type":"SearchAction","target":{"@type":"EntryPoint","urlTemplate":"https:\/\/book24seven.com\/?s={search_term_string}"},"query-input":{"@type":"PropertyValueSpecification","valueRequired":true,"valueName":"search_term_string"}}],"inLanguage":"fi"}]}},"_links":{"self":[{"href":"https:\/\/book24seven.com\/fi\/wp-json\/wp\/v2\/pages\/16","targetHints":{"allow":["GET"]}}],"collection":[{"href":"https:\/\/book24seven.com\/fi\/wp-json\/wp\/v2\/pages"}],"about":[{"href":"https:\/\/book24seven.com\/fi\/wp-json\/wp\/v2\/types\/page"}],"author":[{"embeddable":true,"href":"https:\/\/book24seven.com\/fi\/wp-json\/wp\/v2\/users\/1"}],"replies":[{"embeddable":true,"href":"https:\/\/book24seven.com\/fi\/wp-json\/wp\/v2\/comments?post=16"}],"version-history":[{"count":14,"href":"https:\/\/book24seven.com\/fi\/wp-json\/wp\/v2\/pages\/16\/revisions"}],"predecessor-version":[{"id":554,"href":"https:\/\/book24seven.com\/fi\/wp-json\/wp\/v2\/pages\/16\/revisions\/554"}],"wp:attachment":[{"href":"https:\/\/book24seven.com\/fi\/wp-json\/wp\/v2\/media?parent=16"}],"curies":[{"name":"wp","href":"https:\/\/api.w.org\/{rel}","templated":true}]}}