{"id":1288,"date":"2025-09-18T16:08:49","date_gmt":"2025-09-18T13:08:49","guid":{"rendered":"https:\/\/book24seven.com\/?page_id=1288"},"modified":"2025-09-18T19:27:14","modified_gmt":"2025-09-18T16:27:14","slug":"book-demo","status":"publish","type":"page","link":"https:\/\/book24seven.com\/fi\/book-demo\/","title":{"rendered":"Book a Free 1-on-1 Demo | Book24Seven Appointment System"},"content":{"rendered":"<div class=\"wp-block-group\"><div class=\"wp-block-group__inner-container is-layout-constrained wp-block-group-is-layout-constrained\">\n<div class=\"space-75-mob-60\"><\/div>\n\n\n\n<div style=\"height:10px\" aria-hidden=\"true\" id=\"book-demo\" class=\"wp-block-spacer\"><\/div>\n\n\n\n<!-- Section Title Section Start --->\n<div id=\"section-title-block_7def1ecbf3b296b657b0909853170a80\" class=\"section-title container\">\n                    <h2 class=\"section-title__heading-large font-title-44-mob-title-31\">Varaa ilmainen 1-on-1-esittely<\/h2>\n                <p class=\"section-title__desc font-title-23-mob-title-20\">Katso, miten Book24Seven voi helpottaa ajanvaraustasi ja auttaa yrityst\u00e4si kasvamaan.<\/p>\n               \n<\/div>\n<!-- Section Title Section End -->\t\n\n\n<p class=\"has-text-align-center desktop-max-700\">Varaa ilmainen, henkil\u00f6kohtainen esittely tiimimme j\u00e4senen kanssa. K\u00e4ymme l\u00e4pi t\u00e4rkeimm\u00e4t ominaisuudet, n\u00e4yt\u00e4mme kuinka helppoa aloitus on ja vastaamme kaikkiin kysymyksiisi \u2014 alle 30 minuutissa.<\/p>\n\n\n\n<!-- Aikalia Buttons Section Start --->\n<div id=\"aikalia-buttons-block_59c99daed59e751daf66c17b52a2beb7\" class=\"aikalia-buttons\">\n    <div class=\"container\">\n        <div class=\"grid\">\n            <div class=\"col-12\">\n                <div class=\"aikalia__btn\">\n                    \n                                            <a href=\"https:\/\/book24seven.com\/fi\/demo\/\" class=\"btn btn-border font-btn-16-mob-btn-16\">\ud83d\udc49 Varaa ilmainen esittelyni<\/a>\n                      \n                <\/div>\n            <\/div>\t\n        <\/div>\n    <\/div>\n<\/div>\n<!-- Aikalia Buttons Section End -->\n\n\n\n<div style=\"height:30px\" aria-hidden=\"true\" class=\"wp-block-spacer\"><\/div>\n\n\n\n<p class=\"has-text-align-center desktop-max-800\">Ei sitoutumista. Vain hy\u00f6dyllinen esittely siit\u00e4, miten Book24Seven voi s\u00e4\u00e4st\u00e4\u00e4 aikaasi, v\u00e4hent\u00e4\u00e4 peruuntumisia ja tukea liiketoimintaasi.<\/p>\n\n\n\n<div class=\"space-75-mob-60\"><\/div>\n<\/div><\/div>","protected":false},"excerpt":{"rendered":"<p>Book a free, personalized demo with one of our team members. We\u2019ll walk you through the main features, show how easy it is to get started, and answer any questions you have \u2014 all in under 30 minutes. No commitment. Just a helpful session to see how Book24Seven can save you time, reduce no-shows, and [&hellip;]<\/p>","protected":false},"author":1,"featured_media":0,"parent":0,"menu_order":0,"comment_status":"closed","ping_status":"closed","template":"page-fullwidth.php","meta":{"_acf_changed":false,"footnotes":""},"class_list":["post-1288","page","type-page","status-publish","hentry"],"acf":[],"yoast_head":"<!-- This site is optimized with the Yoast SEO plugin v26.6 - https:\/\/yoast.com\/wordpress\/plugins\/seo\/ -->\n<title>Book a Free 1-on-1 Demo | Book24Seven Appointment System<\/title>\n<meta name=\"description\" content=\"Book a free demo of Book24Seven \u2013 the easiest appointment booking system for small service businesses. Get a personal walkthrough and see how it can save you time, reduce no-shows, and grow your business.\" \/>\n<meta name=\"robots\" content=\"index, follow, max-snippet:-1, max-image-preview:large, max-video-preview:-1\" \/>\n<link rel=\"canonical\" href=\"https:\/\/book24seven.com\/fi\/book-demo\/\" \/>\n<meta property=\"og:locale\" content=\"fi_FI\" \/>\n<meta property=\"og:type\" content=\"article\" \/>\n<meta property=\"og:title\" content=\"Book a Free 1-on-1 Demo | Book24Seven Appointment System\" \/>\n<meta property=\"og:description\" content=\"Book a free demo of Book24Seven \u2013 the easiest appointment booking system for small service businesses. Get a personal walkthrough and see how it can save you time, reduce no-shows, and grow your business.\" \/>\n<meta property=\"og:url\" content=\"https:\/\/book24seven.com\/fi\/book-demo\/\" \/>\n<meta property=\"og:site_name\" content=\"Book24Seven\" \/>\n<meta property=\"article:modified_time\" content=\"2025-09-18T16:27:14+00:00\" \/>\n<meta property=\"og:image\" content=\"https:\/\/book24seven.com\/wp-content\/uploads\/2024\/12\/Book24Seven-Appointment-Booking-App.jpg\" \/>\n\t<meta property=\"og:image:width\" content=\"1280\" \/>\n\t<meta property=\"og:image:height\" content=\"720\" \/>\n\t<meta property=\"og:image:type\" content=\"image\/jpeg\" \/>\n<meta name=\"twitter:card\" content=\"summary_large_image\" \/>\n<meta name=\"twitter:label1\" content=\"Arvioitu lukuaika\" \/>\n\t<meta name=\"twitter:data1\" content=\"1 minuutti\" \/>\n<script type=\"application\/ld+json\" class=\"yoast-schema-graph\">{\"@context\":\"https:\/\/schema.org\",\"@graph\":[{\"@type\":\"WebPage\",\"@id\":\"https:\/\/book24seven.com\/book-demo\/\",\"url\":\"https:\/\/book24seven.com\/book-demo\/\",\"name\":\"Book a Free 1-on-1 Demo | Book24Seven Appointment System\",\"isPartOf\":{\"@id\":\"https:\/\/book24seven.com\/#website\"},\"datePublished\":\"2025-09-18T13:08:49+00:00\",\"dateModified\":\"2025-09-18T16:27:14+00:00\",\"description\":\"Book a free demo of Book24Seven \u2013 the easiest appointment booking system for small service businesses. Get a personal walkthrough and see how it can save you time, reduce no-shows, and grow your business.\",\"breadcrumb\":{\"@id\":\"https:\/\/book24seven.com\/book-demo\/#breadcrumb\"},\"inLanguage\":\"fi\",\"potentialAction\":[{\"@type\":\"ReadAction\",\"target\":[\"https:\/\/book24seven.com\/book-demo\/\"]}]},{\"@type\":\"BreadcrumbList\",\"@id\":\"https:\/\/book24seven.com\/book-demo\/#breadcrumb\",\"itemListElement\":[{\"@type\":\"ListItem\",\"position\":1,\"name\":\"Home\",\"item\":\"https:\/\/book24seven.com\/\"},{\"@type\":\"ListItem\",\"position\":2,\"name\":\"Book a Free 1-on-1 Demo | Book24Seven Appointment System\"}]},{\"@type\":\"WebSite\",\"@id\":\"https:\/\/book24seven.com\/#website\",\"url\":\"https:\/\/book24seven.com\/\",\"name\":\"Book24Seven\",\"description\":\"Smart Appointment Booking App for Your Business\",\"potentialAction\":[{\"@type\":\"SearchAction\",\"target\":{\"@type\":\"EntryPoint\",\"urlTemplate\":\"https:\/\/book24seven.com\/?s={search_term_string}\"},\"query-input\":{\"@type\":\"PropertyValueSpecification\",\"valueRequired\":true,\"valueName\":\"search_term_string\"}}],\"inLanguage\":\"fi\"}]}<\/script>\n<!-- \/ Yoast SEO plugin. -->","yoast_head_json":{"title":"Book a Free 1-on-1 Demo | Book24Seven Appointment System","description":"Book a free demo of Book24Seven \u2013 the easiest appointment booking system for small service businesses. Get a personal walkthrough and see how it can save you time, reduce no-shows, and grow your business.","robots":{"index":"index","follow":"follow","max-snippet":"max-snippet:-1","max-image-preview":"max-image-preview:large","max-video-preview":"max-video-preview:-1"},"canonical":"https:\/\/book24seven.com\/fi\/book-demo\/","og_locale":"fi_FI","og_type":"article","og_title":"Book a Free 1-on-1 Demo | Book24Seven Appointment System","og_description":"Book a free demo of Book24Seven \u2013 the easiest appointment booking system for small service businesses. Get a personal walkthrough and see how it can save you time, reduce no-shows, and grow your business.","og_url":"https:\/\/book24seven.com\/fi\/book-demo\/","og_site_name":"Book24Seven","article_modified_time":"2025-09-18T16:27:14+00:00","og_image":[{"width":1280,"height":720,"url":"https:\/\/book24seven.com\/wp-content\/uploads\/2024\/12\/Book24Seven-Appointment-Booking-App.jpg","type":"image\/jpeg"}],"twitter_card":"summary_large_image","twitter_misc":{"Arvioitu lukuaika":"1 minuutti"},"schema":{"@context":"https:\/\/schema.org","@graph":[{"@type":"WebPage","@id":"https:\/\/book24seven.com\/book-demo\/","url":"https:\/\/book24seven.com\/book-demo\/","name":"Book a Free 1-on-1 Demo | Book24Seven Appointment System","isPartOf":{"@id":"https:\/\/book24seven.com\/#website"},"datePublished":"2025-09-18T13:08:49+00:00","dateModified":"2025-09-18T16:27:14+00:00","description":"Book a free demo of Book24Seven \u2013 the easiest appointment booking system for small service businesses. Get a personal walkthrough and see how it can save you time, reduce no-shows, and grow your business.","breadcrumb":{"@id":"https:\/\/book24seven.com\/book-demo\/#breadcrumb"},"inLanguage":"fi","potentialAction":[{"@type":"ReadAction","target":["https:\/\/book24seven.com\/book-demo\/"]}]},{"@type":"BreadcrumbList","@id":"https:\/\/book24seven.com\/book-demo\/#breadcrumb","itemListElement":[{"@type":"ListItem","position":1,"name":"Home","item":"https:\/\/book24seven.com\/"},{"@type":"ListItem","position":2,"name":"Book a Free 1-on-1 Demo | Book24Seven Appointment System"}]},{"@type":"WebSite","@id":"https:\/\/book24seven.com\/#website","url":"https:\/\/book24seven.com\/","name":"Book24Seven","description":"Smart Appointment Booking App for Your Business","potentialAction":[{"@type":"SearchAction","target":{"@type":"EntryPoint","urlTemplate":"https:\/\/book24seven.com\/?s={search_term_string}"},"query-input":{"@type":"PropertyValueSpecification","valueRequired":true,"valueName":"search_term_string"}}],"inLanguage":"fi"}]}},"_links":{"self":[{"href":"https:\/\/book24seven.com\/fi\/wp-json\/wp\/v2\/pages\/1288","targetHints":{"allow":["GET"]}}],"collection":[{"href":"https:\/\/book24seven.com\/fi\/wp-json\/wp\/v2\/pages"}],"about":[{"href":"https:\/\/book24seven.com\/fi\/wp-json\/wp\/v2\/types\/page"}],"author":[{"embeddable":true,"href":"https:\/\/book24seven.com\/fi\/wp-json\/wp\/v2\/users\/1"}],"replies":[{"embeddable":true,"href":"https:\/\/book24seven.com\/fi\/wp-json\/wp\/v2\/comments?post=1288"}],"version-history":[{"count":9,"href":"https:\/\/book24seven.com\/fi\/wp-json\/wp\/v2\/pages\/1288\/revisions"}],"predecessor-version":[{"id":1672,"href":"https:\/\/book24seven.com\/fi\/wp-json\/wp\/v2\/pages\/1288\/revisions\/1672"}],"wp:attachment":[{"href":"https:\/\/book24seven.com\/fi\/wp-json\/wp\/v2\/media?parent=1288"}],"curies":[{"name":"wp","href":"https:\/\/api.w.org\/{rel}","templated":true}]}}