{"id":10,"date":"2024-10-15T14:12:28","date_gmt":"2024-10-15T14:12:28","guid":{"rendered":"https:\/\/book24seven.com\/?page_id=10"},"modified":"2025-07-13T16:51:57","modified_gmt":"2025-07-13T13:51:57","slug":"booking-page","status":"publish","type":"page","link":"https:\/\/book24seven.com\/fi\/booking-page\/","title":{"rendered":"Booking page"},"content":{"rendered":"<div class=\"wp-block-group container\"><div class=\"wp-block-group__inner-container is-layout-constrained wp-block-group-is-layout-constrained\">\n<div class=\"wp-block-booknetic-booking\"><link rel=\"stylesheet\" href=\"\/\/book24seven.com\/wp-content\/uploads\/booknetic\/appearance\/theme_1.css\"><link rel=\"stylesheet\" href=\"https:\/\/fonts.googleapis.com\/css2?family=Poppins:ital,wght@0,100;0,200;0,300;0,400;0,500;0,600;0,700;0,800;0,900;1,100;1,200;1,300;1,400;1,500;1,600;1,700;1,800;1,900&display=swap\">\n<div class=\"booknetic_appointment\" id=\"booknetic_theme_1\" data-info=\"f1939de0a05c72bf3647ab32c7fae5bc32dd85891c54a281ae1065b518f08a0b:W10=\" data-steps=\"[{&quot;id&quot;:&quot;location&quot;,&quot;order_number&quot;:1,&quot;value&quot;:&quot;&quot;,&quot;hidden&quot;:false,&quot;loader&quot;:&quot;card1&quot;,&quot;title&quot;:&quot;Location&quot;,&quot;head_title&quot;:&quot;Select location&quot;},{&quot;id&quot;:&quot;staff&quot;,&quot;order_number&quot;:11,&quot;value&quot;:&quot;&quot;,&quot;hidden&quot;:false,&quot;loader&quot;:&quot;card1&quot;,&quot;title&quot;:&quot;Staff&quot;,&quot;head_title&quot;:&quot;Select staff&quot;},{&quot;id&quot;:&quot;service&quot;,&quot;order_number&quot;:21,&quot;value&quot;:&quot;&quot;,&quot;hidden&quot;:false,&quot;loader&quot;:&quot;card2&quot;,&quot;title&quot;:&quot;Service&quot;,&quot;head_title&quot;:&quot;Select service&quot;,&quot;attrs&quot;:&quot; data-service-category=\\&quot;\\&quot;&quot;},{&quot;id&quot;:&quot;service_extras&quot;,&quot;order_number&quot;:31,&quot;value&quot;:&quot;&quot;,&quot;hidden&quot;:false,&quot;loader&quot;:&quot;card2&quot;,&quot;title&quot;:&quot;Service Extras&quot;,&quot;head_title&quot;:&quot;Select service extras&quot;},{&quot;id&quot;:&quot;date_time&quot;,&quot;order_number&quot;:41,&quot;value&quot;:&quot;&quot;,&quot;hidden&quot;:false,&quot;loader&quot;:&quot;card3&quot;,&quot;title&quot;:&quot;Date &amp;amp; Time&quot;,&quot;head_title&quot;:&quot;Select Date &amp;amp; Time&quot;},{&quot;id&quot;:&quot;recurring_info&quot;,&quot;order_number&quot;:51,&quot;value&quot;:&quot;&quot;,&quot;hidden&quot;:true,&quot;loader&quot;:&quot;card3&quot;,&quot;title&quot;:&quot;Recurring info&quot;,&quot;head_title&quot;:&quot;Recurring info&quot;},{&quot;id&quot;:&quot;information&quot;,&quot;order_number&quot;:61,&quot;value&quot;:&quot;&quot;,&quot;hidden&quot;:false,&quot;loader&quot;:&quot;card3&quot;,&quot;title&quot;:&quot;Information&quot;,&quot;head_title&quot;:&quot;Fill information&quot;},{&quot;id&quot;:&quot;cart&quot;,&quot;order_number&quot;:71,&quot;value&quot;:&quot;&quot;,&quot;hidden&quot;:false,&quot;loader&quot;:&quot;card3&quot;,&quot;title&quot;:&quot;Cart&quot;,&quot;head_title&quot;:&quot;Add to cart&quot;},{&quot;id&quot;:&quot;confirm_details&quot;,&quot;order_number&quot;:81,&quot;value&quot;:&quot;&quot;,&quot;hidden&quot;:false,&quot;loader&quot;:&quot;card3&quot;,&quot;title&quot;:&quot;Confirmation&quot;,&quot;head_title&quot;:&quot;Confirm Details&quot;}]\">\n\t<div class=\"booknetic_appointment_steps\">\n\t\t\t\t<div class=\"booknetic_appointment_steps_body nice-scrollbar-primary\"><\/div>\n        <div class=\"booknetic_appointment_steps_footer\">\n            <div class=\"booknetic_appointment_steps_footer_txt1\"><\/div>\n            <div class=\"booknetic_appointment_steps_footer_txt2\"><\/div>\n        <\/div>\n    <\/div>\n    <div class=\"booknetic_appointment_container\">\n\n        <div class=\"booknetic_appointment_container_header\">\n            <div class=\"booknetic_appointment_container_header_text\"><\/div>\n                        <div class=\"booknetic_appointment_container_header_cart booknetic_hidden\">\n                <div class=\"booknetic-appointment-container-cart-btn booknetic-appointment-container-cart-btn-r-100\">\n                    <img decoding=\"async\" src=\"https:\/\/book24seven.com\/wp-content\/plugins\/booknetic\/app\/Frontend\/assets\/icons\/cart.svg\" alt=\"\">\n                    <span>0<\/span>\n                <\/div>\n            <\/div>\n                    <\/div>\n        <div class=\"booknetic_appointment_container_body\">\n\n            <div class=\"booknetic_preloader_card1_box booknetic_hidden\">\n                <div class=\"booknetic_preloader_card1\">\n                    <div class=\"booknetic_preloader_card1_image\"><\/div>\n                    <div class=\"booknetic_preloader_card1_description\"><\/div>\n                <\/div>\n\n                <div class=\"booknetic_preloader_card1\">\n                    <div class=\"booknetic_preloader_card1_image\"><\/div>\n                    <div class=\"booknetic_preloader_card1_description\"><\/div>\n                <\/div>\n\n                <div class=\"booknetic_preloader_card1\">\n                    <div class=\"booknetic_preloader_card1_image\"><\/div>\n                    <div class=\"booknetic_preloader_card1_description\"><\/div>\n                <\/div>\n            <\/div>\n\n            <div class=\"booknetic_preloader_card2_box booknetic_hidden\">\n                <div class=\"booknetic_preloader_card2\">\n                    <div class=\"booknetic_preloader_card2_image\"><\/div>\n                    <div class=\"booknetic_preloader_card2_description\"><\/div>\n                <\/div>\n\n                <div class=\"booknetic_preloader_card2\">\n                    <div class=\"booknetic_preloader_card2_image\"><\/div>\n                    <div class=\"booknetic_preloader_card2_description\"><\/div>\n                <\/div>\n\n                <div class=\"booknetic_preloader_card2\">\n                    <div class=\"booknetic_preloader_card2_image\"><\/div>\n                    <div class=\"booknetic_preloader_card2_description\"><\/div>\n                <\/div>\n            <\/div>\n\n            <div class=\"booknetic_preloader_card3_box booknetic_hidden\">\n                <div class=\"booknetic_preloader_card3\"><\/div>\n                <div class=\"booknetic_preloader_card3\"><\/div>\n                <div class=\"booknetic_preloader_card3\"><\/div>\n                <div class=\"booknetic_preloader_card3\"><\/div>\n            <\/div>\n\n            <div class=\"booknetic_need_copy\" >\n                <div data-step-id=\"location\" class=\"booknetic_hidden\"><\/div>\n                <div data-step-id=\"staff\" class=\"booknetic_hidden\"><\/div>\n                <div data-step-id=\"service\" class=\"booknetic_hidden\"><\/div>\n                <div data-step-id=\"service_extras\" class=\"booknetic_hidden\"><\/div>\n                <div data-step-id=\"date_time\" class=\"booknetic_hidden\"><\/div>\n                <div data-step-id=\"recurring_info\" class=\"booknetic_hidden\"><\/div>\n                <div data-step-id=\"information\" class=\"booknetic_hidden\"><\/div>\n            <\/div>\n\n            <div data-step-id=\"cart\" class=\"booknetic_hidden\"><\/div>\n            <div data-step-id=\"confirm_details\" class=\"booknetic_hidden\"><\/div>\n\n            <div class=\"booknetic_appointment_finished_with_error booknetic_hidden\">\n                <img decoding=\"async\" src=\"https:\/\/book24seven.com\/wp-content\/plugins\/booknetic\/app\/Frontend\/assets\/images\/payment-error.svg\">\n                <div>We aren\u2019t able to process your payment. Please, try again.<\/div>\n            <\/div>\n\n        <\/div>\n        <div class=\"booknetic_appointment_container_footer\">\n            <button type=\"button\" class=\"booknetic_btn_secondary booknetic_prev_step\">BACK<\/button>\n            <div class=\"booknetic_warning_message\"><\/div>\n            <button type=\"button\" class=\"booknetic_btn_primary booknetic_next_step booknetic_next_step_btn\">NEXT STEP<\/button>\n            <button type=\"button\" class=\"booknetic_btn_primary booknetic_next_step booknetic_confirm_booking_btn\">CONFIRM BOOKING<\/button>\n            <button type=\"button\" class=\"booknetic_btn_primary booknetic_hidden booknetic_try_again_btn\">TRY AGAIN<\/button>\n        <\/div>\n\n                    <a href=\"https:\/\/book24seven.com\/fi\/\" target=\"_blank\" class=\"booknetic_powered_by\">Powered by <span>Book24Seven<\/span><\/a>\n        \n    <\/div>\n    <div class=\"booknetic_appointment_finished\">\n        <div class=\"booknetic_appointment_finished_icon\"><img decoding=\"async\" src=\"https:\/\/book24seven.com\/wp-content\/plugins\/booknetic\/app\/Frontend\/assets\/icons\/status-ok.svg\"><\/div>\n        <div class=\"booknetic_appointment_finished_title\">Thank you for your request!<\/div>\n        <div class=\"booknetic_appointment_finished_subtitle\">Your confirmation number:<\/div>\n        <div class=\"booknetic_appointment_finished_code\"><\/div>\n        <div class=\"booknetic_appointment_finished_actions\">\n            <button type=\"button\" id=\"booknetic_add_to_google_calendar_btn\" class=\"booknetic_btn_secondary\"><img decoding=\"async\" src=\"https:\/\/book24seven.com\/wp-content\/plugins\/booknetic\/app\/Frontend\/assets\/icons\/calendar.svg\"> ADD TO GOOGLE CALENDAR<\/button>\n            <a id=\"booknetic_add_to_icalendar_btn\" download=\"event.ics\" class=\"booknetic_btn_secondary\"><img decoding=\"async\" src=\"https:\/\/book24seven.com\/wp-content\/plugins\/booknetic\/app\/Frontend\/assets\/icons\/calendar.svg\"> ADD TO iCAL CALENDAR<\/a>\n            <button type=\"button\" id=\"booknetic_start_new_booking_btn\" class=\"booknetic_btn_secondary\"><img decoding=\"async\" src=\"https:\/\/book24seven.com\/wp-content\/plugins\/booknetic\/app\/Frontend\/assets\/icons\/plus.svg\"> START NEW BOOKING<\/button>\n            <button type=\"button\" id=\"booknetic_finish_btn\" class=\"booknetic_btn_secondary\" data-redirect-url=\"\"><img decoding=\"async\" src=\"https:\/\/book24seven.com\/wp-content\/plugins\/booknetic\/app\/Frontend\/assets\/icons\/check-small.svg\"> FINISH BOOKING<\/button>\n        <\/div>\n    <\/div>\n\n    <div id=\"booknetic_progress\" class=\"booknetic_progress_waiting booknetic_progress_done\"><dt><\/dt><dd><\/dd><\/div>\n<\/div>\n\n<script type=\"application\/javascript\">\n    (function ()\n    {\n        let initBookingPanel = function ()\n        {\n            if( typeof window.bookneticInitBookingPage !== 'undefined' ) {\n                jQuery(\".booknetic_appointment\").each( ( i , v ) =>\n                {\n                    window.bookneticInitBookingPage( v );\n                } );\n            } else {\n                \/* Bele yazilmasinin sebebi siteground-optimizer (Speed Optimizer) pluginidir ki, qeribe shekilde bu JS`i goturub oz JS faylina salib run edir ve error partlayir ki, window.bookneticInitBookingPage tapilmadi deye. *\/\n                setTimeout(initBookingPanel, 1000);\n            }\n        }\n\n        if( document.readyState === 'loading' )\n            document.addEventListener('DOMContentLoaded', initBookingPanel)\n        else\n            initBookingPanel();\n    })();\n<\/script>\n<\/div>\n<\/div><\/div>\n\n\n\n<div class=\"wp-block-group container\"><div class=\"wp-block-group__inner-container is-layout-constrained wp-block-group-is-layout-constrained\">\n<div style=\"height:30px\" aria-hidden=\"true\" class=\"wp-block-spacer\"><\/div>\n\n\n\n<p class=\"has-text-align-center desktop-max-800 has-small-font-size\"><em>By using this website, you agree to our <a href=\"https:\/\/book24seven.com\/fi\/privacy\/\">Tietosuojak\u00e4yt\u00e4nt\u00f6<\/a> and <a href=\"https:\/\/book24seven.com\/fi\/terms\/\">Terms<\/a>.<\/em><\/p>\n<\/div><\/div>","protected":false},"excerpt":{"rendered":"<p>By using this website, you agree to our Privacy Policy and Terms.<\/p>","protected":false},"author":1,"featured_media":0,"parent":0,"menu_order":0,"comment_status":"closed","ping_status":"closed","template":"page-hide-header-footer.php","meta":{"_acf_changed":false,"footnotes":""},"class_list":["post-10","page","type-page","status-publish","hentry"],"acf":[],"yoast_head":"<!-- This site is optimized with the Yoast SEO plugin v26.6 - https:\/\/yoast.com\/wordpress\/plugins\/seo\/ -->\n<title>Booking page<\/title>\n<meta name=\"robots\" content=\"index, follow, max-snippet:-1, max-image-preview:large, max-video-preview:-1\" \/>\n<link rel=\"canonical\" href=\"https:\/\/book24seven.com\/fi\/booking-page\/\" \/>\n<meta property=\"og:locale\" content=\"fi_FI\" \/>\n<meta property=\"og:type\" content=\"article\" \/>\n<meta property=\"og:title\" content=\"Booking page\" \/>\n<meta property=\"og:description\" content=\"By using this website, you agree to our Privacy Policy and Terms.\" \/>\n<meta property=\"og:url\" content=\"https:\/\/book24seven.com\/fi\/booking-page\/\" \/>\n<meta property=\"og:site_name\" content=\"Book24Seven\" \/>\n<meta property=\"article:modified_time\" content=\"2025-07-13T13:51:57+00:00\" \/>\n<meta property=\"og:image\" content=\"https:\/\/book24seven.com\/wp-content\/uploads\/2024\/12\/Book24Seven-Appointment-Booking-App.jpg\" \/>\n\t<meta property=\"og:image:width\" content=\"1280\" \/>\n\t<meta property=\"og:image:height\" content=\"720\" \/>\n\t<meta property=\"og:image:type\" content=\"image\/jpeg\" \/>\n<meta name=\"twitter:card\" content=\"summary_large_image\" \/>\n<meta name=\"twitter:label1\" content=\"Arvioitu lukuaika\" \/>\n\t<meta name=\"twitter:data1\" content=\"1 minuutti\" \/>\n<script type=\"application\/ld+json\" class=\"yoast-schema-graph\">{\"@context\":\"https:\/\/schema.org\",\"@graph\":[{\"@type\":\"WebPage\",\"@id\":\"https:\/\/book24seven.com\/booking-page\/\",\"url\":\"https:\/\/book24seven.com\/booking-page\/\",\"name\":\"Booking page\",\"isPartOf\":{\"@id\":\"https:\/\/book24seven.com\/#website\"},\"datePublished\":\"2024-10-15T14:12:28+00:00\",\"dateModified\":\"2025-07-13T13:51:57+00:00\",\"breadcrumb\":{\"@id\":\"https:\/\/book24seven.com\/booking-page\/#breadcrumb\"},\"inLanguage\":\"fi\",\"potentialAction\":[{\"@type\":\"ReadAction\",\"target\":[\"https:\/\/book24seven.com\/booking-page\/\"]}]},{\"@type\":\"BreadcrumbList\",\"@id\":\"https:\/\/book24seven.com\/booking-page\/#breadcrumb\",\"itemListElement\":[{\"@type\":\"ListItem\",\"position\":1,\"name\":\"Home\",\"item\":\"https:\/\/book24seven.com\/\"},{\"@type\":\"ListItem\",\"position\":2,\"name\":\"Booking page\"}]},{\"@type\":\"WebSite\",\"@id\":\"https:\/\/book24seven.com\/#website\",\"url\":\"https:\/\/book24seven.com\/\",\"name\":\"Book24Seven\",\"description\":\"Smart Appointment Booking App for Your Business\",\"potentialAction\":[{\"@type\":\"SearchAction\",\"target\":{\"@type\":\"EntryPoint\",\"urlTemplate\":\"https:\/\/book24seven.com\/?s={search_term_string}\"},\"query-input\":{\"@type\":\"PropertyValueSpecification\",\"valueRequired\":true,\"valueName\":\"search_term_string\"}}],\"inLanguage\":\"fi\"}]}<\/script>\n<!-- \/ Yoast SEO plugin. -->","yoast_head_json":{"title":"Booking page","robots":{"index":"index","follow":"follow","max-snippet":"max-snippet:-1","max-image-preview":"max-image-preview:large","max-video-preview":"max-video-preview:-1"},"canonical":"https:\/\/book24seven.com\/fi\/booking-page\/","og_locale":"fi_FI","og_type":"article","og_title":"Booking page","og_description":"By using this website, you agree to our Privacy Policy and Terms.","og_url":"https:\/\/book24seven.com\/fi\/booking-page\/","og_site_name":"Book24Seven","article_modified_time":"2025-07-13T13:51:57+00:00","og_image":[{"width":1280,"height":720,"url":"https:\/\/book24seven.com\/wp-content\/uploads\/2024\/12\/Book24Seven-Appointment-Booking-App.jpg","type":"image\/jpeg"}],"twitter_card":"summary_large_image","twitter_misc":{"Arvioitu lukuaika":"1 minuutti"},"schema":{"@context":"https:\/\/schema.org","@graph":[{"@type":"WebPage","@id":"https:\/\/book24seven.com\/booking-page\/","url":"https:\/\/book24seven.com\/booking-page\/","name":"Booking page","isPartOf":{"@id":"https:\/\/book24seven.com\/#website"},"datePublished":"2024-10-15T14:12:28+00:00","dateModified":"2025-07-13T13:51:57+00:00","breadcrumb":{"@id":"https:\/\/book24seven.com\/booking-page\/#breadcrumb"},"inLanguage":"fi","potentialAction":[{"@type":"ReadAction","target":["https:\/\/book24seven.com\/booking-page\/"]}]},{"@type":"BreadcrumbList","@id":"https:\/\/book24seven.com\/booking-page\/#breadcrumb","itemListElement":[{"@type":"ListItem","position":1,"name":"Home","item":"https:\/\/book24seven.com\/"},{"@type":"ListItem","position":2,"name":"Booking page"}]},{"@type":"WebSite","@id":"https:\/\/book24seven.com\/#website","url":"https:\/\/book24seven.com\/","name":"Book24Seven","description":"Smart Appointment Booking App for Your Business","potentialAction":[{"@type":"SearchAction","target":{"@type":"EntryPoint","urlTemplate":"https:\/\/book24seven.com\/?s={search_term_string}"},"query-input":{"@type":"PropertyValueSpecification","valueRequired":true,"valueName":"search_term_string"}}],"inLanguage":"fi"}]}},"_links":{"self":[{"href":"https:\/\/book24seven.com\/fi\/wp-json\/wp\/v2\/pages\/10","targetHints":{"allow":["GET"]}}],"collection":[{"href":"https:\/\/book24seven.com\/fi\/wp-json\/wp\/v2\/pages"}],"about":[{"href":"https:\/\/book24seven.com\/fi\/wp-json\/wp\/v2\/types\/page"}],"author":[{"embeddable":true,"href":"https:\/\/book24seven.com\/fi\/wp-json\/wp\/v2\/users\/1"}],"replies":[{"embeddable":true,"href":"https:\/\/book24seven.com\/fi\/wp-json\/wp\/v2\/comments?post=10"}],"version-history":[{"count":20,"href":"https:\/\/book24seven.com\/fi\/wp-json\/wp\/v2\/pages\/10\/revisions"}],"predecessor-version":[{"id":606,"href":"https:\/\/book24seven.com\/fi\/wp-json\/wp\/v2\/pages\/10\/revisions\/606"}],"wp:attachment":[{"href":"https:\/\/book24seven.com\/fi\/wp-json\/wp\/v2\/media?parent=10"}],"curies":[{"name":"wp","href":"https:\/\/api.w.org\/{rel}","templated":true}]}}